{"id":137,"date":"2016-03-09T18:36:04","date_gmt":"2016-03-09T17:36:04","guid":{"rendered":"http:\/\/pertoeti.nl\/?page_id=137"},"modified":"2025-04-11T15:28:42","modified_gmt":"2025-04-11T14:28:42","slug":"zorg-en-ondersteuningsaanbod","status":"publish","type":"page","link":"https:\/\/www.pertoeti.nl\/index.php\/hulpaanbod\/zorg-en-ondersteuningsaanbod\/","title":{"rendered":"Zorg- en ondersteuningsaanbod"},"content":{"rendered":"<h3>Wij proberen zoveel mogelijk het zorgaanbod aan te passen aan de zorgvraag van ouders en cli\u00ebnten.<br \/>\nHeeft u een zorgvraag en denkt u dat wij daarin iets kunnen betekenen? <a href=\"http:\/\/pertoeti.nl\/index.php\/contact\/\">Laat het ons weten!<\/a><br \/>\nOp dit moment bieden wij het volgende zorgaanbod.<\/h3>\n<h2>Dagbesteding<\/h2>\n<h3>(<span style=\"color: #ff6600;\">Op dit moment is er geen plaats!<\/span>\u00a0Wij werken niet met een wachtlijst omdat we niet verwachten dat er op korte termijn wel plaats zal zijn. Neem <a href=\"https:\/\/www.pertoeti.nl\/index.php\/contact\/\">contact<\/a> met ons op voor meer informatie.)<\/h3>\n<h4>U kunt dagopvang inkopen voor een of meerdere dagen in de week. Bij deze cli\u00ebnten komt de belevingsgerichte dagbesteding optimaal tot zijn recht omdat we hen voor langere tijd onder onze hoede hebben.<br \/>\nWij bieden deze opvang aan van maandag tot en met vrijdag tussen 9.00 tot 15.30 uur. Op verzoek bekijken we in overleg met de teamleider of hier van afgeweken kan worden.<\/h4>\n<p><img loading=\"lazy\" decoding=\"async\" class=\"alignnone  wp-image-140\" src=\"http:\/\/pertoeti.nl\/wp-content\/uploads\/2016\/03\/9-300x169.jpg\" alt=\"9\" width=\"272\" height=\"153\" srcset=\"https:\/\/www.pertoeti.nl\/wp-content\/uploads\/2016\/03\/9-300x169.jpg 300w, https:\/\/www.pertoeti.nl\/wp-content\/uploads\/2016\/03\/9-768x432.jpg 768w, https:\/\/www.pertoeti.nl\/wp-content\/uploads\/2016\/03\/9-1024x576.jpg 1024w\" sizes=\"auto, (max-width: 272px) 100vw, 272px\" \/> <img loading=\"lazy\" decoding=\"async\" class=\"alignnone  wp-image-559\" src=\"http:\/\/pertoeti.nl\/wp-content\/uploads\/2020\/10\/IMG_7183-300x225.jpg\" alt=\"\" width=\"204\" height=\"152\" srcset=\"https:\/\/www.pertoeti.nl\/wp-content\/uploads\/2020\/10\/IMG_7183-300x225.jpg 300w, https:\/\/www.pertoeti.nl\/wp-content\/uploads\/2020\/10\/IMG_7183.jpg 640w\" sizes=\"auto, (max-width: 204px) 100vw, 204px\" \/><\/p>\n<h2>Buitenschoolse opvang, vakantieopvang en zaterdagopvang<\/h2>\n<h3>(<span style=\"color: #ff6600;\">Op dit moment is er geen plaats<\/span>)<\/h3>\n<h4>Als uw kind naar school gaat of een andere zorginstelling bezoekt, kunt u bij ons terecht voor opvang buiten schooltijd, tijdens sluitingsdagen of de vakantie, en op zaterdag. Deze zorg is zowel regulier als incidenteel in te kopen.<\/h4>\n<p><img loading=\"lazy\" decoding=\"async\" class=\"alignnone wp-image-468 size-medium\" src=\"http:\/\/pertoeti.nl\/wp-content\/uploads\/2018\/03\/20171101_143533-300x169.jpg\" alt=\"\" width=\"300\" height=\"169\" srcset=\"https:\/\/www.pertoeti.nl\/wp-content\/uploads\/2018\/03\/20171101_143533-300x169.jpg 300w, https:\/\/www.pertoeti.nl\/wp-content\/uploads\/2018\/03\/20171101_143533-768x433.jpg 768w, https:\/\/www.pertoeti.nl\/wp-content\/uploads\/2018\/03\/20171101_143533-1024x577.jpg 1024w\" sizes=\"auto, (max-width: 300px) 100vw, 300px\" \/> <img loading=\"lazy\" decoding=\"async\" class=\"alignnone  wp-image-556\" src=\"http:\/\/pertoeti.nl\/wp-content\/uploads\/2020\/10\/IMG_6193-e1603197020309-225x300.jpg\" alt=\"\" width=\"128\" height=\"170\" srcset=\"https:\/\/www.pertoeti.nl\/wp-content\/uploads\/2020\/10\/IMG_6193-e1603197020309-225x300.jpg 225w, https:\/\/www.pertoeti.nl\/wp-content\/uploads\/2020\/10\/IMG_6193-e1603197020309.jpg 480w\" sizes=\"auto, (max-width: 128px) 100vw, 128px\" \/><\/p>\n<h2>Ambulante begeleiding bij u thuis<\/h2>\n<h4>Vindt u het prettiger dat uw kind thuis begeleiding krijgt, dan bieden wij ook deze mogelijkheid. Dit kan op reguliere basis of incidenteel, bijvoorbeeld als u een avond uit wilt.<\/h4>\n<p><img loading=\"lazy\" decoding=\"async\" class=\"alignnone size-full wp-image-142\" src=\"http:\/\/pertoeti.nl\/wp-content\/uploads\/2016\/03\/11.jpg\" alt=\"11\" width=\"299\" height=\"169\" \/><\/p>\n<h2>Logeren<\/h2>\n<h3>(<span style=\"color: #ff6600;\">Op dit moment is er geen plaats<\/span>)<\/h3>\n<h4>Wij bieden vijf etmalen per maand de mogelijkheid om\u00a0 bij ons te logeren. Wij hopen dit aanbod in de toekomst uit te kunnen bereiden.<br \/>\nOnze vaste cli\u00ebnten kunnen hier gebruik van maken, maar deze zorg is tevens incidenteel in te kopen.<br \/>\nOok hier bieden we intensieve zorg met \u00e9\u00e9n begeleider op twee cli\u00ebnten. De begeleiding is uiteraard ook \u2019s nachts aanwezig en slaapt indien nodig bij de cli\u00ebnt op de kamer.\u00a0 Door middel van dit zorgaanbod wordt de thuissituatie ontlast, de leefwereld van de cli\u00ebnt vergroot en kunnen zij zich eventueel ook voorbereiden op het wonen elders.<\/h4>\n<p><img loading=\"lazy\" decoding=\"async\" class=\"alignnone  wp-image-145\" src=\"http:\/\/pertoeti.nl\/wp-content\/uploads\/2016\/03\/12.gif\" alt=\"12\" width=\"229\" height=\"229\" \/> <img loading=\"lazy\" decoding=\"async\" class=\"alignnone  wp-image-554\" src=\"http:\/\/pertoeti.nl\/wp-content\/uploads\/2020\/10\/e69c5666-593e-4287-a5a3-91e1cab7e5b5-300x225.jpg\" alt=\"\" width=\"305\" height=\"228\" srcset=\"https:\/\/www.pertoeti.nl\/wp-content\/uploads\/2020\/10\/e69c5666-593e-4287-a5a3-91e1cab7e5b5-300x225.jpg 300w, https:\/\/www.pertoeti.nl\/wp-content\/uploads\/2020\/10\/e69c5666-593e-4287-a5a3-91e1cab7e5b5-768x576.jpg 768w, https:\/\/www.pertoeti.nl\/wp-content\/uploads\/2020\/10\/e69c5666-593e-4287-a5a3-91e1cab7e5b5-1024x768.jpg 1024w, https:\/\/www.pertoeti.nl\/wp-content\/uploads\/2020\/10\/e69c5666-593e-4287-a5a3-91e1cab7e5b5.jpg 1600w\" sizes=\"auto, (max-width: 305px) 100vw, 305px\" \/><\/p>\n","protected":false},"excerpt":{"rendered":"<p>Wij proberen zoveel mogelijk het zorgaanbod aan te passen aan de zorgvraag van ouders en cli\u00ebnten. Heeft u een zorgvraag en denkt u dat wij daarin iets kunnen betekenen? Laat het ons weten! Op dit moment bieden wij het volgende zorgaanbod. Dagbesteding (Op dit moment is er geen plaats!\u00a0Wij werken niet met een wachtlijst omdat<\/p>\n<p><a href=\"https:\/\/www.pertoeti.nl\/index.php\/hulpaanbod\/zorg-en-ondersteuningsaanbod\/\" class=\"more-link themebutton\">Lees meer<\/a><\/p>\n","protected":false},"author":5,"featured_media":0,"parent":8,"menu_order":1,"comment_status":"closed","ping_status":"closed","template":"","meta":{"footnotes":""},"class_list":["post-137","page","type-page","status-publish","hentry"],"_links":{"self":[{"href":"https:\/\/www.pertoeti.nl\/index.php\/wp-json\/wp\/v2\/pages\/137","targetHints":{"allow":["GET"]}}],"collection":[{"href":"https:\/\/www.pertoeti.nl\/index.php\/wp-json\/wp\/v2\/pages"}],"about":[{"href":"https:\/\/www.pertoeti.nl\/index.php\/wp-json\/wp\/v2\/types\/page"}],"author":[{"embeddable":true,"href":"https:\/\/www.pertoeti.nl\/index.php\/wp-json\/wp\/v2\/users\/5"}],"replies":[{"embeddable":true,"href":"https:\/\/www.pertoeti.nl\/index.php\/wp-json\/wp\/v2\/comments?post=137"}],"version-history":[{"count":13,"href":"https:\/\/www.pertoeti.nl\/index.php\/wp-json\/wp\/v2\/pages\/137\/revisions"}],"predecessor-version":[{"id":930,"href":"https:\/\/www.pertoeti.nl\/index.php\/wp-json\/wp\/v2\/pages\/137\/revisions\/930"}],"up":[{"embeddable":true,"href":"https:\/\/www.pertoeti.nl\/index.php\/wp-json\/wp\/v2\/pages\/8"}],"wp:attachment":[{"href":"https:\/\/www.pertoeti.nl\/index.php\/wp-json\/wp\/v2\/media?parent=137"}],"curies":[{"name":"wp","href":"https:\/\/api.w.org\/{rel}","templated":true}]}}