{"id":147,"date":"2016-03-09T18:51:18","date_gmt":"2016-03-09T17:51:18","guid":{"rendered":"http:\/\/pertoeti.nl\/?page_id=147"},"modified":"2023-05-07T14:39:14","modified_gmt":"2023-05-07T13:39:14","slug":"belevingsgerichte-dagbesteding","status":"publish","type":"page","link":"https:\/\/www.pertoeti.nl\/index.php\/hulpaanbod\/belevingsgerichte-dagbesteding\/","title":{"rendered":"Belevingsgerichte dagbesteding"},"content":{"rendered":"<h2>Filosofie<\/h2>\n<h3>Vanuit onze filosofie dat elk mens uniek en bijzonder is bieden wij al onze cli\u00ebnten een op het individu afgestemd stimulerend (dag)programma. Dit kan alleen door kritisch naar de cli\u00ebnt te blijven kijken en telkens opnieuw aan te sluiten bij zijn of haar mogelijkheden en behoeftes. \u00a0Op deze manier zorgen wij ervoor dat de cli\u00ebnt niet overvraagd en niet tekort gedaan wordt en stimuleren wij de ontwikkeling op het hoogst haalbare niveau.<br \/>\nOm individuele en intensieve aandacht te geven werken wij in kleine groepen van maximaal vier cli\u00ebnten.\u00a0 Het aantal begeleiders is afhankelijk van de zorgbehoeften van de groepsleden. Meestal werken wij met \u00e9\u00e9n begeleider op twee cli\u00ebnten; indien nodig bieden wij een-op-eenbegeleiding.<\/h3>\n<p><img loading=\"lazy\" decoding=\"async\" class=\"alignnone size-full wp-image-148\" src=\"http:\/\/pertoeti.nl\/wp-content\/uploads\/2016\/03\/13.jpeg\" alt=\"13\" width=\"200\" height=\"163\" \/><\/p>\n<h2>Dagprogramma<\/h2>\n<h3>Ons dagprogramma is breed en gevarieerd. Hierbij kunt u denken aan activiteiten gericht op bewegen, vergroten van de zelfredzaamheid, verzorging, zintuigelijke stimulatie, massage, sensopathisch spel en andere ontwikkelingsgerichte activiteiten.<br \/>\nEr zijn mensen in ons team opgeleid om borstel- en gewrichtsdruktherapie (BGD) en de Sherborne-methodieken toe te passen. Ook zijn er begeleiders getraind in het contactgericht spelen.<\/h3>\n<h3>Op het gebied van ondersteunende communicatie hebben wij de nodige kennis in huis. Er\u00a0zijn medewerkers getraind in PODD, het vullen van een spraakcomputer en\u00a0het gebruik van oogbesturing.<\/h3>\n<h3>Aan ons dagcentrum zijn een muziektherapeute, een fysiotherapeut, een logopediste, een orthopedagoog, een prikkelcoach en een klankschalentherapeut verbonden. Elke cli\u00ebnt kan hiervan gebruik maken. Ook is het mogelijk de eigen therapeut op Pertoeti te ontvangen.<\/h3>\n<h3>Er is tevens plaats voor iemand met een beperking, om arbeidsmatig in de zorg bezig te zijn.<\/h3>\n<p><img loading=\"lazy\" decoding=\"async\" class=\"alignnone wp-image-461 size-medium\" src=\"http:\/\/pertoeti.nl\/wp-content\/uploads\/2018\/03\/IMG_2222-300x225.jpeg\" alt=\"\" width=\"300\" height=\"225\" srcset=\"https:\/\/www.pertoeti.nl\/wp-content\/uploads\/2018\/03\/IMG_2222-300x225.jpeg 300w, https:\/\/www.pertoeti.nl\/wp-content\/uploads\/2018\/03\/IMG_2222-768x576.jpeg 768w, https:\/\/www.pertoeti.nl\/wp-content\/uploads\/2018\/03\/IMG_2222-1024x768.jpeg 1024w, https:\/\/www.pertoeti.nl\/wp-content\/uploads\/2018\/03\/IMG_2222-960x720.jpeg 960w, https:\/\/www.pertoeti.nl\/wp-content\/uploads\/2018\/03\/IMG_2222-480x360.jpeg 480w, https:\/\/www.pertoeti.nl\/wp-content\/uploads\/2018\/03\/IMG_2222-320x240.jpeg 320w, https:\/\/www.pertoeti.nl\/wp-content\/uploads\/2018\/03\/IMG_2222-240x180.jpeg 240w\" sizes=\"auto, (max-width: 300px) 100vw, 300px\" \/><\/p>\n<h2>Integratie<\/h2>\n<h3>Wij trekken er regelmatig op uit en werken zo aan de integratie van onze cli\u00ebnten in de maatschappij. Boodschappen doen we samen op de markt of in de supermarkt.\u00a0 Onze locatie grenst aan een bos waar we regelmatig te vinden zijn voor een wandeling. Ook de speeltuintjes in de wijk of de kinderboerderij zijn een geliefd uitje. En elke week zwemmen in het gemeentelijke zwembad en deelnemen aan een obstical run voor de nodige beweging.<br \/>\nNog meer feest is een dagje naar speelpark de Splinter, de Genneper Hoeve of Dierenrijk Europa. En natuurlijk onze jaarlijkse uitjes zoals ski\u00ebn, de kermis of een dagje Efteling. Samen met de ouders vieren we gezellig carnaval in de stadsschouwburg of vieren we feest bij Concerti Fetti.<\/h3>\n<h3>Enkele jaren geleden zijn we gestart met de 18+ groep. Met de wat oudere cli\u00ebnten bezoeken we festivals en gaan we kamperen. Voor deze activiteiten vragen we meestal een hogere eigen bijdrage i.v.m. de kosten die ermee gemoeid zijn.<\/h3>\n<h3>Tevens staan wij open voor het ondernemen van activiteiten samen met andere doelgroepen.<\/h3>\n<p><img loading=\"lazy\" decoding=\"async\" class=\"alignnone wp-image-150\" src=\"http:\/\/pertoeti.nl\/wp-content\/uploads\/2016\/03\/15-300x225.jpg\" alt=\"15\" width=\"267\" height=\"200\" srcset=\"https:\/\/www.pertoeti.nl\/wp-content\/uploads\/2016\/03\/15-300x225.jpg 300w, https:\/\/www.pertoeti.nl\/wp-content\/uploads\/2016\/03\/15-768x576.jpg 768w, https:\/\/www.pertoeti.nl\/wp-content\/uploads\/2016\/03\/15-1024x768.jpg 1024w, https:\/\/www.pertoeti.nl\/wp-content\/uploads\/2016\/03\/15-960x720.jpg 960w, https:\/\/www.pertoeti.nl\/wp-content\/uploads\/2016\/03\/15-480x360.jpg 480w, https:\/\/www.pertoeti.nl\/wp-content\/uploads\/2016\/03\/15-320x240.jpg 320w, https:\/\/www.pertoeti.nl\/wp-content\/uploads\/2016\/03\/15-240x180.jpg 240w\" sizes=\"auto, (max-width: 267px) 100vw, 267px\" \/>\u00a0\u00a0<img loading=\"lazy\" decoding=\"async\" class=\"alignnone size-medium wp-image-151\" src=\"http:\/\/pertoeti.nl\/wp-content\/uploads\/2016\/03\/16-300x200.jpg\" alt=\"16\" width=\"300\" height=\"200\" srcset=\"https:\/\/www.pertoeti.nl\/wp-content\/uploads\/2016\/03\/16-300x200.jpg 300w, https:\/\/www.pertoeti.nl\/wp-content\/uploads\/2016\/03\/16-768x512.jpg 768w, https:\/\/www.pertoeti.nl\/wp-content\/uploads\/2016\/03\/16-1024x683.jpg 1024w, https:\/\/www.pertoeti.nl\/wp-content\/uploads\/2016\/03\/16-960x640.jpg 960w, https:\/\/www.pertoeti.nl\/wp-content\/uploads\/2016\/03\/16-480x320.jpg 480w, https:\/\/www.pertoeti.nl\/wp-content\/uploads\/2016\/03\/16-320x213.jpg 320w, https:\/\/www.pertoeti.nl\/wp-content\/uploads\/2016\/03\/16-240x160.jpg 240w\" sizes=\"auto, (max-width: 300px) 100vw, 300px\" \/>\u00a0\u00a0<img loading=\"lazy\" decoding=\"async\" class=\"alignnone  wp-image-557\" src=\"http:\/\/pertoeti.nl\/wp-content\/uploads\/2020\/10\/IMG_6450-300x225.jpg\" alt=\"\" width=\"258\" height=\"194\" srcset=\"https:\/\/www.pertoeti.nl\/wp-content\/uploads\/2020\/10\/IMG_6450-300x225.jpg 300w, https:\/\/www.pertoeti.nl\/wp-content\/uploads\/2020\/10\/IMG_6450.jpg 640w\" sizes=\"auto, (max-width: 258px) 100vw, 258px\" \/> <img loading=\"lazy\" decoding=\"async\" class=\"alignnone size-medium wp-image-558\" src=\"http:\/\/pertoeti.nl\/wp-content\/uploads\/2020\/10\/IMG_6612-e1603196797528-225x300.jpg\" alt=\"\" width=\"225\" height=\"300\" srcset=\"https:\/\/www.pertoeti.nl\/wp-content\/uploads\/2020\/10\/IMG_6612-e1603196797528-225x300.jpg 225w, https:\/\/www.pertoeti.nl\/wp-content\/uploads\/2020\/10\/IMG_6612-e1603196797528.jpg 480w\" sizes=\"auto, (max-width: 225px) 100vw, 225px\" \/><\/p>\n<h2>Vakantie<\/h2>\n<h3>Een keer per jaar gaan we met onze dagbestedings cli\u00ebnten een week of midweek op vakantie, met de zee als favoriete bestemming. Een leuke maar ook spannende week voor zowel cli\u00ebnten als ouders. Onze vaste medewerkers, stagiaires en vrijwilligers gaan mee voor een intensieve een-op-eenbegeleiding. De aanwezigheid van vertrouwde gezichten zorgt ervoor dat onze cli\u00ebnten zich voldoende geborgd weten om volop te kunnen genieten van hun vakantie in een andere omgeving met nieuwe uitdagingen.<br \/>\nOm elk jaar een vakantie te kunnen organiseren zijn we afhankelijk van giften. Gelukkig lukt het bijna altijd om hiervoor voldoende middelen te verkrijgen.<\/h3>\n<p><img loading=\"lazy\" decoding=\"async\" class=\"alignnone wp-image-155 size-medium\" src=\"http:\/\/pertoeti.nl\/wp-content\/uploads\/2016\/03\/18-300x126.jpg\" alt=\"18\" width=\"300\" height=\"126\" srcset=\"https:\/\/www.pertoeti.nl\/wp-content\/uploads\/2016\/03\/18-300x126.jpg 300w, https:\/\/www.pertoeti.nl\/wp-content\/uploads\/2016\/03\/18-768x322.jpg 768w, https:\/\/www.pertoeti.nl\/wp-content\/uploads\/2016\/03\/18-1024x429.jpg 1024w\" sizes=\"auto, (max-width: 300px) 100vw, 300px\" \/><\/p>\n","protected":false},"excerpt":{"rendered":"<p>Filosofie Vanuit onze filosofie dat elk mens uniek en bijzonder is bieden wij al onze cli\u00ebnten een op het individu afgestemd stimulerend (dag)programma. Dit kan alleen door kritisch naar de cli\u00ebnt te blijven kijken en telkens opnieuw aan te sluiten bij zijn of haar mogelijkheden en behoeftes. \u00a0Op deze manier zorgen wij ervoor dat de<\/p>\n<p><a href=\"https:\/\/www.pertoeti.nl\/index.php\/hulpaanbod\/belevingsgerichte-dagbesteding\/\" class=\"more-link themebutton\">Lees meer<\/a><\/p>\n","protected":false},"author":5,"featured_media":0,"parent":8,"menu_order":2,"comment_status":"closed","ping_status":"closed","template":"","meta":{"footnotes":""},"class_list":["post-147","page","type-page","status-publish","hentry"],"_links":{"self":[{"href":"https:\/\/www.pertoeti.nl\/index.php\/wp-json\/wp\/v2\/pages\/147","targetHints":{"allow":["GET"]}}],"collection":[{"href":"https:\/\/www.pertoeti.nl\/index.php\/wp-json\/wp\/v2\/pages"}],"about":[{"href":"https:\/\/www.pertoeti.nl\/index.php\/wp-json\/wp\/v2\/types\/page"}],"author":[{"embeddable":true,"href":"https:\/\/www.pertoeti.nl\/index.php\/wp-json\/wp\/v2\/users\/5"}],"replies":[{"embeddable":true,"href":"https:\/\/www.pertoeti.nl\/index.php\/wp-json\/wp\/v2\/comments?post=147"}],"version-history":[{"count":8,"href":"https:\/\/www.pertoeti.nl\/index.php\/wp-json\/wp\/v2\/pages\/147\/revisions"}],"predecessor-version":[{"id":839,"href":"https:\/\/www.pertoeti.nl\/index.php\/wp-json\/wp\/v2\/pages\/147\/revisions\/839"}],"up":[{"embeddable":true,"href":"https:\/\/www.pertoeti.nl\/index.php\/wp-json\/wp\/v2\/pages\/8"}],"wp:attachment":[{"href":"https:\/\/www.pertoeti.nl\/index.php\/wp-json\/wp\/v2\/media?parent=147"}],"curies":[{"name":"wp","href":"https:\/\/api.w.org\/{rel}","templated":true}]}}