{"id":211,"date":"2016-03-09T19:55:19","date_gmt":"2016-03-09T18:55:19","guid":{"rendered":"http:\/\/pertoeti.nl\/?page_id=211"},"modified":"2023-05-07T14:48:00","modified_gmt":"2023-05-07T13:48:00","slug":"vrijwilligerswerk","status":"publish","type":"page","link":"https:\/\/www.pertoeti.nl\/index.php\/praktisch\/vrijwilligerswerk\/","title":{"rendered":"Vrijwilligerswerk"},"content":{"rendered":"<h4>Benieuwd wat onze vrijwilligers te zeggen hebben over Pertoeti?<\/h4>\n<h4>Kijk het filmpje op onze facebook pagina:<\/h4>\n<p><a href=\"https:\/\/www.facebook.com\/StichtingPertoeti\/videos\/654394952704821\">https:\/\/www.facebook.com\/StichtingPertoeti\/videos\/654394952704821<\/a><\/p>\n<h4>of op YouTube:<\/h4>\n<p><iframe loading=\"lazy\" title=\"Pertoeti zoekt vrijwilligers\" width=\"1170\" height=\"658\" src=\"https:\/\/www.youtube.com\/embed\/4FlkNUer-RU?feature=oembed\" frameborder=\"0\" allow=\"accelerometer; autoplay; clipboard-write; encrypted-media; gyroscope; picture-in-picture\" allowfullscreen><\/iframe><\/p>\n<h4>Het filmpje is gemaakt door:<\/h4>\n<h4>Branco Vissers, Illustrator &amp; Animator bij Newt Comics &amp; Animations<\/h4>\n<h4>Vrijwilligers zijn onmisbaar bij Pertoeti. Dankzij de hulp van vrijwilligers zijn wij in staat om de intensieve<br \/>\n\u00e9\u00e9n-op-\u00e9\u00e9nbegeleiding te bieden tijdens de vele activiteiten. Maar ook bij talloze ondersteunende diensten kunnen wij de hulp van vrijwilligers heel goed gebruiken.<br \/>\nMeer informatie vindt u in ons <a href=\"http:\/\/pertoeti.nl\/wp-content\/uploads\/2016\/03\/Vrijwilligersbeleid.pdf\" rel=\"\">Vrijwilligersbeleid<\/a>.<br \/>\nVoor een vrijwilligersvacature kunt u kijken op <a href=\"https:\/\/eindhovendoet.nl\/vacaturebank\" target=\"_blank\" rel=\"noopener\">Eindhovendoet.nl\/vacaturebank<\/a>.<\/h4>\n<h4>Heeft u tijd en zin om ons te helpen? Stuur een mail naar <a href=\"mailto:info@pertoeti.nl\">info@pertoeti.nl<\/a> of bel om vrijblijvend een afspraak te maken: 040 8440224.<\/h4>\n<p><img loading=\"lazy\" decoding=\"async\" class=\"alignnone size-medium wp-image-212\" src=\"http:\/\/pertoeti.nl\/wp-content\/uploads\/2016\/03\/29-300x225.jpg\" alt=\"29\" width=\"300\" height=\"225\" srcset=\"https:\/\/www.pertoeti.nl\/wp-content\/uploads\/2016\/03\/29-300x225.jpg 300w, https:\/\/www.pertoeti.nl\/wp-content\/uploads\/2016\/03\/29.jpg 480w, https:\/\/www.pertoeti.nl\/wp-content\/uploads\/2016\/03\/29-320x240.jpg 320w, https:\/\/www.pertoeti.nl\/wp-content\/uploads\/2016\/03\/29-240x180.jpg 240w\" sizes=\"auto, (max-width: 300px) 100vw, 300px\" \/><\/p>\n","protected":false},"excerpt":{"rendered":"<p>Benieuwd wat onze vrijwilligers te zeggen hebben over Pertoeti? Kijk het filmpje op onze facebook pagina: https:\/\/www.facebook.com\/StichtingPertoeti\/videos\/654394952704821 of op YouTube: Het filmpje is gemaakt door: Branco Vissers, Illustrator &amp; Animator bij Newt Comics &amp; Animations Vrijwilligers zijn onmisbaar bij Pertoeti. Dankzij de hulp van vrijwilligers zijn wij in staat om de intensieve \u00e9\u00e9n-op-\u00e9\u00e9nbegeleiding te bieden<\/p>\n<p><a href=\"https:\/\/www.pertoeti.nl\/index.php\/praktisch\/vrijwilligerswerk\/\" class=\"more-link themebutton\">Lees meer<\/a><\/p>\n","protected":false},"author":5,"featured_media":0,"parent":177,"menu_order":6,"comment_status":"closed","ping_status":"closed","template":"","meta":{"footnotes":""},"class_list":["post-211","page","type-page","status-publish","hentry"],"_links":{"self":[{"href":"https:\/\/www.pertoeti.nl\/index.php\/wp-json\/wp\/v2\/pages\/211","targetHints":{"allow":["GET"]}}],"collection":[{"href":"https:\/\/www.pertoeti.nl\/index.php\/wp-json\/wp\/v2\/pages"}],"about":[{"href":"https:\/\/www.pertoeti.nl\/index.php\/wp-json\/wp\/v2\/types\/page"}],"author":[{"embeddable":true,"href":"https:\/\/www.pertoeti.nl\/index.php\/wp-json\/wp\/v2\/users\/5"}],"replies":[{"embeddable":true,"href":"https:\/\/www.pertoeti.nl\/index.php\/wp-json\/wp\/v2\/comments?post=211"}],"version-history":[{"count":7,"href":"https:\/\/www.pertoeti.nl\/index.php\/wp-json\/wp\/v2\/pages\/211\/revisions"}],"predecessor-version":[{"id":850,"href":"https:\/\/www.pertoeti.nl\/index.php\/wp-json\/wp\/v2\/pages\/211\/revisions\/850"}],"up":[{"embeddable":true,"href":"https:\/\/www.pertoeti.nl\/index.php\/wp-json\/wp\/v2\/pages\/177"}],"wp:attachment":[{"href":"https:\/\/www.pertoeti.nl\/index.php\/wp-json\/wp\/v2\/media?parent=211"}],"curies":[{"name":"wp","href":"https:\/\/api.w.org\/{rel}","templated":true}]}}