{"id":28,"date":"2015-12-27T11:21:56","date_gmt":"2015-12-27T10:21:56","guid":{"rendered":"http:\/\/pertoeti.nl\/?page_id=28"},"modified":"2023-05-07T14:41:43","modified_gmt":"2023-05-07T13:41:43","slug":"ouders","status":"publish","type":"page","link":"https:\/\/www.pertoeti.nl\/index.php\/hulpaanbod\/ouders\/","title":{"rendered":"Ouders en verzorgers"},"content":{"rendered":"<h3>U als ouder of verzorger neemt het grootste deel van de zorg van onze cli\u00ebnten op zich. Uw kennis en inzicht zijn onontbeerlijk bij het helder krijgen van de hulpvraag. Samen werken wij aan \u00e9\u00e9n doel: het welbevinden van uw kind. Dit kan niet zonder veelvuldig overleg tussen u en onze begeleiders. Ieder jaar stellen wij samen met u de doelen vast waarop wij ons gaan richten en leggen dit vast in het ondersteuningsplan.<br \/>\nMinimaal twee maal per jaar nodigen wij ouders uit op een &#8216;avond voor ouders&#8217;. Op deze avonden informeren we ouders over ons beleid en gaan we in gesprek met ouders over hun wensen en idee\u00ebn. Daarnaast verbinden we regelmatig een interessant thema aan deze avonden, waarbij we iemand uitnodigen om hier invulling aan te geven.<\/h3>\n<h3>Omdat wij veel waarde hechten aan de mening van ouders houden wij jaarlijks een cli\u00ebnttevredenheidsonderzoek. Elke ouder wordt gevraagd anoniem een vragenlijst in te vullen. De uitkomsten gebruiken wij om ons aanbod en de kwaliteit van de zorg te verbeteren.<\/h3>\n<h3>Wanneer u niet tevreden bent dan gaan wij daar graag met u over in gesprek. Wij zullen ons best doen het probleem naar volle tevredenheid voor beide partijen op te lossen. Mocht dit voor u niet tot het gewenste resultaat leiden dan kunt u gebruik maken van het \u2018klachtenportaal\u2019.<\/h3>\n<p><img loading=\"lazy\" decoding=\"async\" class=\"alignnone size-full wp-image-189\" src=\"http:\/\/pertoeti.nl\/wp-content\/uploads\/2015\/12\/25.jpeg\" alt=\"25\" width=\"180\" height=\"185\"><\/p>\n","protected":false},"excerpt":{"rendered":"<p>U als ouder of verzorger neemt het grootste deel van de zorg van onze cli\u00ebnten op zich. Uw kennis en inzicht zijn onontbeerlijk bij het helder krijgen van de hulpvraag. Samen werken wij aan \u00e9\u00e9n doel: het welbevinden van uw kind. Dit kan niet zonder veelvuldig overleg tussen u en onze begeleiders. Ieder jaar stellen<\/p>\n<p><a href=\"https:\/\/www.pertoeti.nl\/index.php\/hulpaanbod\/ouders\/\" class=\"more-link themebutton\">Lees meer<\/a><\/p>\n","protected":false},"author":5,"featured_media":0,"parent":8,"menu_order":4,"comment_status":"closed","ping_status":"closed","template":"","meta":{"footnotes":""},"class_list":["post-28","page","type-page","status-publish","hentry"],"_links":{"self":[{"href":"https:\/\/www.pertoeti.nl\/index.php\/wp-json\/wp\/v2\/pages\/28","targetHints":{"allow":["GET"]}}],"collection":[{"href":"https:\/\/www.pertoeti.nl\/index.php\/wp-json\/wp\/v2\/pages"}],"about":[{"href":"https:\/\/www.pertoeti.nl\/index.php\/wp-json\/wp\/v2\/types\/page"}],"author":[{"embeddable":true,"href":"https:\/\/www.pertoeti.nl\/index.php\/wp-json\/wp\/v2\/users\/5"}],"replies":[{"embeddable":true,"href":"https:\/\/www.pertoeti.nl\/index.php\/wp-json\/wp\/v2\/comments?post=28"}],"version-history":[{"count":6,"href":"https:\/\/www.pertoeti.nl\/index.php\/wp-json\/wp\/v2\/pages\/28\/revisions"}],"predecessor-version":[{"id":842,"href":"https:\/\/www.pertoeti.nl\/index.php\/wp-json\/wp\/v2\/pages\/28\/revisions\/842"}],"up":[{"embeddable":true,"href":"https:\/\/www.pertoeti.nl\/index.php\/wp-json\/wp\/v2\/pages\/8"}],"wp:attachment":[{"href":"https:\/\/www.pertoeti.nl\/index.php\/wp-json\/wp\/v2\/media?parent=28"}],"curies":[{"name":"wp","href":"https:\/\/api.w.org\/{rel}","templated":true}]}}